{"id":1245,"date":"2013-04-12T10:04:24","date_gmt":"2013-04-12T10:04:24","guid":{"rendered":"http:\/\/www.collectiveprods.com\/?page_id=1245"},"modified":"2013-04-17T15:49:08","modified_gmt":"2013-04-17T15:49:08","slug":"the-tree-of-knowledge","status":"publish","type":"page","link":"http:\/\/www.collectiveprods.com\/?page_id=1245","title":{"rendered":"The Tree of Knowledge"},"content":{"rendered":"<h5>Collective \u00e8 orgogliosa di aver collaborato con <strong>Manuel Fanni Canelles<\/strong> a questo progetto<\/h5>\r\n<p style=\"text-align: justify;\">Ispirato a un particolare di un dipinto di <strong>Lucas Cranach il Vecchio<\/strong>, il nuovo lavoro di <strong>Manuel Fanni Canelles<\/strong> racconta l&#8217;episodio dell&#8217;Albero della Conoscenza.\u00a0Pur restando inalterata la dimensione sacrale, \u201c<strong>The Tree of Knowledge<\/strong>\u201d sviluppa un&#8217;indagine sul confine tra realt\u00e0 e finzione, a partire proprio dai primi versetti della Genesi. Qual \u00e8 il confine tra verit\u00e0 e rappresentazione, tra reale e virtuale, tra essere\/non essere\/dover essere?<\/p>\r\n<p style=\"text-align: center;\"><a class=\"button-default\" href=\"http:\/\/www.solab.it\/SO\/The_Tree_of_Knowledge.html\">Vai al sito<\/a><\/p>\r\n\r\n","protected":false},"excerpt":{"rendered":"<p>Collective \u00e8 orgogliosa di aver collaborato con Manuel Fanni Canelles a questo progetto Ispirato a un particolare di un dipinto di Lucas Cranach il Vecchio, il nuovo lavoro di Manuel Fanni Canelles racconta l&#8217;episodio dell&#8217;Albero della Conoscenza.\u00a0Pur restando inalterata la dimensione sacrale, \u201cThe Tree of Knowledge\u201d sviluppa un&#8217;indagine sul confine tra realt\u00e0 e finzione, a [&hellip;]<\/p>\n","protected":false},"author":2,"featured_media":0,"parent":0,"menu_order":0,"comment_status":"closed","ping_status":"closed","template":"","meta":{"footnotes":""},"class_list":["post-1245","page","type-page","status-publish","hentry"],"_links":{"self":[{"href":"http:\/\/www.collectiveprods.com\/index.php?rest_route=\/wp\/v2\/pages\/1245","targetHints":{"allow":["GET"]}}],"collection":[{"href":"http:\/\/www.collectiveprods.com\/index.php?rest_route=\/wp\/v2\/pages"}],"about":[{"href":"http:\/\/www.collectiveprods.com\/index.php?rest_route=\/wp\/v2\/types\/page"}],"author":[{"embeddable":true,"href":"http:\/\/www.collectiveprods.com\/index.php?rest_route=\/wp\/v2\/users\/2"}],"replies":[{"embeddable":true,"href":"http:\/\/www.collectiveprods.com\/index.php?rest_route=%2Fwp%2Fv2%2Fcomments&post=1245"}],"version-history":[{"count":11,"href":"http:\/\/www.collectiveprods.com\/index.php?rest_route=\/wp\/v2\/pages\/1245\/revisions"}],"predecessor-version":[{"id":1368,"href":"http:\/\/www.collectiveprods.com\/index.php?rest_route=\/wp\/v2\/pages\/1245\/revisions\/1368"}],"wp:attachment":[{"href":"http:\/\/www.collectiveprods.com\/index.php?rest_route=%2Fwp%2Fv2%2Fmedia&parent=1245"}],"curies":[{"name":"wp","href":"https:\/\/api.w.org\/{rel}","templated":true}]}}