{"id":86,"date":"2011-06-08T11:32:55","date_gmt":"2011-06-08T11:32:55","guid":{"rendered":"http:\/\/192.168.1.50\/Themes\/Warp6\/Website_WP\/?page_id=86"},"modified":"2013-04-23T10:46:22","modified_gmt":"2013-04-23T10:46:22","slug":"widgetkit","status":"publish","type":"page","link":"http:\/\/www.collectiveprods.com\/?page_id=86","title":{"rendered":"Pictures"},"content":{"rendered":"Collective Pictures \u00e8 una casa di produzione cinematografica che ha prodotto audiovisivi di diverso stampo e genere. E&#8217; regolarmente iscritta alle associazioni competenti <strong>ALA<\/strong> e <strong>AGPC<\/strong>.\r\n\r\n<hr \/>\r\n\r\n<a href=\"wp-content\/images\/sidebar\/locandina.anarchist.jpg\" data-lightbox=\"transitionIn:elastic;transitionOut:elastic;titlePosition:outside;\"><img decoding=\"async\" class=\"size-full wp-image-1147 alignright\" title=\"An Anarchist Life\" src=\"wp-content\/images\/sidebar\/locandina.anarchist.jpg\" alt=\"\" width=\"138\" height=\"195.76\" \/><\/a>\r\n<h3 style=\"text-align: left;\">An anarchist life<\/h3>\r\n<p style=\"text-align: justify;\">scritto e diretto da<strong> Ivan Bormann<\/strong> e <strong>Fabio Toich<\/strong><\/p>\r\n<p style=\"text-align: justify;\">E&#8217; un racconto d&#8217;avventura rocambolesca, una storia esemplare, di tensione e pratica rivoluzionaria, tra anarchia ed ironia, semplicit\u00e0, curiosit\u00e0, vitalit\u00e0, attraverso l&#8217;Europa intera, le sue guerre e le lotte sociali del Novecento. E&#8217; un racconto su come vivere tutto d&#8217;un fiato, di petto, in maniera responsabile, calandosi nelle contraddizioni, &#8220;sporcandosi le mani&#8221;, mantenendosi nonostante ci\u00f2 centrati in un&#8217;equazione costante tra teoria e prassi.<\/p>\r\nPer maggiori info:\r\n<p style=\"text-align: center;\"><a class=\"button-default\" href=\"?page_id=651\">Vai alla pagina<\/a><\/p>\r\n\r\n\r\n<hr \/>\r\n\r\n<a href=\"wp-content\/images\/sidebar\/locandina.usta.png\" data-lightbox=\"transitionIn:elastic;transitionOut:elastic;titlePosition:outside;\"><img decoding=\"async\" class=\"wp-image-1143 alignright\" title=\"Una Serata Tra Amici\" src=\"wp-content\/images\/sidebar\/locandina.usta.png\" alt=\"\" width=\"138\" height=\"195.76\" \/><\/a>\r\n<h3 style=\"text-align: left;\">Una serata tra amici<\/h3>\r\nscritto e diretto da <strong>Daniele Trani<\/strong>\r\n<p style=\"text-align: justify;\">Gli amici, si sa, condividono tutto. E si confidano a vicenda. Questa \u00e8 la storia di <strong>Max<\/strong> ed <strong>Eric<\/strong>, due uomini sulla soglia dei quarant\u2019anni con un approccio differente verso la vita: idealista e romantico <strong>Max<\/strong>, cinico e sprezzante\u00a0\u00a0<strong>Eric<\/strong>. Ma con una particolare passione in comune. Il regista <strong>Daniele Trani<\/strong>\u00a0\u00a0ci regala, in questo cortometraggio, un confronto dal taglio a tratti filosofico tra i due personaggi, uno sguardo sulle loro differenti personalit\u00e0.<\/p>\r\n<p style=\"text-align: justify;\">Per maggiori info:<\/p>\r\n<p style=\"text-align: center;\"><a class=\"button-default\" href=\"?page_id=659\">Vai alla pagina<\/a><\/p>\r\n\r\n<hr \/>\r\n\r\n<h3>Oltre il guado<\/h3>\r\nscritto e diretto da <strong>Lorenzo Bianchini<\/strong>\r\n<p style=\"text-align: justify;\">Dopo <strong>Custodes Bestiae<\/strong> del 2006 e <strong>Lidris Cuadre di Tre\u00a0<\/strong>del 2001 <strong>Lorenzo Bianchini<\/strong> torna con <strong>Oltre il guado<\/strong>. La storia ruota attorno un etologo naturalista che lavora in un remoto bosco, intrappolando animali e montando una videocamera in modo da monitorare il loro comportamento.<\/p>\r\n<p style=\"text-align: justify;\">Per maggiori info:<\/p>\r\n<p style=\"text-align: center;\"><a class=\"button-default\" href=\"?page_id=893\">Vai alla pagina<\/a><\/p>\r\n\r\n<hr \/>\r\n\r\n<h3>Sonya<\/h3>\r\nscritto e diretto da <strong>Omar Soffici<\/strong>\r\n<p style=\"text-align: justify;\">In un\u2019epoca in cui si intravedono i presupposti di un nuovo decadentismo, l\u2019artista \u00e8 chiamato ad uscire, a respirare aria nuova; da osservatore consapevole egli cammina circospetto sulle macerie di un\u2019epoca controversa, materiale di risulta di una civilt\u00e0 distratta. Che ruolo ha svolto, in tutto questo, la donna sino ad ora? Passiva spettatrice di un massacro? Inconsapevole vittima? Si \u00e8 davvero compiuta la sua maturazione? Pu\u00f2, la donna, essere realmente il punto di vista che mancava, chiamato ad esprimersi ora che il tempo sembra precipitare pi\u00f9 che mai? <strong>Sonya<\/strong>, elemento temporale mezzano de <strong>\u2018Il Ciclo delle Donne<\/strong>\u2019, costituisce il percorso in scala ridotta di quello vissuto dalla donna fino all\u2019epoca moderna; dalla coercizione alla ribellione, una presa di coscienza graduale che porta alla libert\u00e0 personale. Non si tratta ancora di libert\u00e0 di genere, ma costituisce l\u2019assioma fondamentale per la rivoluzione.<\/p>\r\n<p style=\"text-align: justify;\">Per maggiori info:<\/p>\r\n<p style=\"text-align: center;\"><a class=\"button-default\" href=\"?page_id=1242\">Vai alla pagina<\/a><\/p>","protected":false},"excerpt":{"rendered":"<p>Collective Pictures \u00e8 una casa di produzione cinematografica che ha prodotto audiovisivi di diverso stampo e genere. E&#8217; regolarmente iscritta alle associazioni competenti ALA e AGPC. An anarchist life scritto e diretto da Ivan Bormann e Fabio Toich E&#8217; un racconto d&#8217;avventura rocambolesca, una storia esemplare, di tensione e pratica rivoluzionaria, tra anarchia ed ironia, [&hellip;]<\/p>\n","protected":false},"author":1,"featured_media":0,"parent":0,"menu_order":0,"comment_status":"closed","ping_status":"closed","template":"","meta":{"footnotes":""},"class_list":["post-86","page","type-page","status-publish","hentry"],"_links":{"self":[{"href":"http:\/\/www.collectiveprods.com\/index.php?rest_route=\/wp\/v2\/pages\/86","targetHints":{"allow":["GET"]}}],"collection":[{"href":"http:\/\/www.collectiveprods.com\/index.php?rest_route=\/wp\/v2\/pages"}],"about":[{"href":"http:\/\/www.collectiveprods.com\/index.php?rest_route=\/wp\/v2\/types\/page"}],"author":[{"embeddable":true,"href":"http:\/\/www.collectiveprods.com\/index.php?rest_route=\/wp\/v2\/users\/1"}],"replies":[{"embeddable":true,"href":"http:\/\/www.collectiveprods.com\/index.php?rest_route=%2Fwp%2Fv2%2Fcomments&post=86"}],"version-history":[{"count":75,"href":"http:\/\/www.collectiveprods.com\/index.php?rest_route=\/wp\/v2\/pages\/86\/revisions"}],"predecessor-version":[{"id":1434,"href":"http:\/\/www.collectiveprods.com\/index.php?rest_route=\/wp\/v2\/pages\/86\/revisions\/1434"}],"wp:attachment":[{"href":"http:\/\/www.collectiveprods.com\/index.php?rest_route=%2Fwp%2Fv2%2Fmedia&parent=86"}],"curies":[{"name":"wp","href":"https:\/\/api.w.org\/{rel}","templated":true}]}}